{"id":7,"date":"2024-10-30T13:03:30","date_gmt":"2024-10-30T13:03:30","guid":{"rendered":"http:\/\/sgsgoleniow.pl\/?page_id=7"},"modified":"2025-08-20T12:23:33","modified_gmt":"2025-08-20T12:23:33","slug":"strona-glowna","status":"publish","type":"page","link":"https:\/\/sgsgoleniow.pl\/","title":{"rendered":"Strona g\u0142\u00f3wna"},"content":{"rendered":"\n<p><\/p>\n\n\n\n<p><\/p>\n\n\n<div class=\"wp-block-image is-style-rounded wp-duotone-unset-1\">\n<figure class=\"aligncenter size-full is-resized\"><img fetchpriority=\"high\" decoding=\"async\" width=\"2048\" height=\"1536\" src=\"http:\/\/sgsgoleniow.pl\/wp-content\/uploads\/2025\/08\/glowne.jpeg\" alt=\"\" class=\"wp-image-243\" style=\"width:600px\" srcset=\"https:\/\/sgsgoleniow.pl\/wp-content\/uploads\/2025\/08\/glowne.jpeg 2048w, https:\/\/sgsgoleniow.pl\/wp-content\/uploads\/2025\/08\/glowne-300x225.jpeg 300w, https:\/\/sgsgoleniow.pl\/wp-content\/uploads\/2025\/08\/glowne-1024x768.jpeg 1024w, https:\/\/sgsgoleniow.pl\/wp-content\/uploads\/2025\/08\/glowne-768x576.jpeg 768w\" sizes=\"(max-width: 2048px) 100vw, 2048px\" \/><\/figure>\n<\/div>\n\n\n<p class=\"has-text-align-center has-medium-font-size\">Chcesz do Nas do\u0142\u0105czy\u0107? Chcesz zapisa\u0107 swoje dziecko? <\/p>\n\n\n\n<p class=\"has-text-align-center has-medium-font-size\"><\/p>\n\n\n\n<p class=\"has-text-align-center has-large-font-size\"><a href=\"https:\/\/sgsgoleniow.protrainup.com\/pl\/forms\/2749?signature=457dd32297ff03f7cbc28c7da0bda9ba83033048f8c49c92e5f9bcc5aadc4b46\" data-type=\"link\" data-id=\"https:\/\/sgsgoleniow.protrainup.com\/pl\/forms\/2749?signature=457dd32297ff03f7cbc28c7da0bda9ba83033048f8c49c92e5f9bcc5aadc4b46\">Kliknij tutaj i zapisz si\u0119 ju\u017c dzi\u015b! <\/a><\/p>\n","protected":false},"excerpt":{"rendered":"<p>Chcesz do Nas do\u0142\u0105czy\u0107? Chcesz zapisa\u0107 swoje dziecko? Kliknij tutaj i zapisz si\u0119 ju\u017c dzi\u015b!<\/p>\n","protected":false},"author":1,"featured_media":0,"parent":0,"menu_order":0,"comment_status":"closed","ping_status":"closed","template":"","meta":{"footnotes":""},"class_list":["post-7","page","type-page","status-publish","hentry"],"_links":{"self":[{"href":"https:\/\/sgsgoleniow.pl\/index.php?rest_route=\/wp\/v2\/pages\/7","targetHints":{"allow":["GET"]}}],"collection":[{"href":"https:\/\/sgsgoleniow.pl\/index.php?rest_route=\/wp\/v2\/pages"}],"about":[{"href":"https:\/\/sgsgoleniow.pl\/index.php?rest_route=\/wp\/v2\/types\/page"}],"author":[{"embeddable":true,"href":"https:\/\/sgsgoleniow.pl\/index.php?rest_route=\/wp\/v2\/users\/1"}],"replies":[{"embeddable":true,"href":"https:\/\/sgsgoleniow.pl\/index.php?rest_route=%2Fwp%2Fv2%2Fcomments&post=7"}],"version-history":[{"count":13,"href":"https:\/\/sgsgoleniow.pl\/index.php?rest_route=\/wp\/v2\/pages\/7\/revisions"}],"predecessor-version":[{"id":247,"href":"https:\/\/sgsgoleniow.pl\/index.php?rest_route=\/wp\/v2\/pages\/7\/revisions\/247"}],"wp:attachment":[{"href":"https:\/\/sgsgoleniow.pl\/index.php?rest_route=%2Fwp%2Fv2%2Fmedia&parent=7"}],"curies":[{"name":"wp","href":"https:\/\/api.w.org\/{rel}","templated":true}]}}