{"id":313,"date":"2025-10-05T06:28:09","date_gmt":"2025-10-05T06:28:09","guid":{"rendered":"http:\/\/sgsgoleniow.pl\/?page_id=313"},"modified":"2025-10-05T06:57:05","modified_gmt":"2025-10-05T06:57:05","slug":"glas-2","status":"publish","type":"page","link":"https:\/\/sgsgoleniow.pl\/?page_id=313","title":{"rendered":"GLAS"},"content":{"rendered":"\t\t<div data-elementor-type=\"wp-page\" data-elementor-id=\"313\" class=\"elementor elementor-313\">\n\t\t\t\t<div class=\"elementor-element elementor-element-5063260 e-flex e-con-boxed e-con e-parent\" data-id=\"5063260\" data-element_type=\"container\">\n\t\t\t\t\t<div class=\"e-con-inner\">\n\t\t\t\t<div class=\"elementor-element elementor-element-b537004 elementor-widget elementor-widget-text-editor\" data-id=\"b537004\" data-element_type=\"widget\" data-widget_type=\"text-editor.default\">\n\t\t\t\t<div class=\"elementor-widget-container\">\n\t\t\t\t\t\t\t\t\t<div class=\"wp-block-columns are-vertically-aligned-center\">\n<div class=\"wp-block-column is-vertically-aligned-center is-layout-flow wp-block-column-is-layout-flow\">\n<figure class=\"wp-block-table aligncenter\">\n<table>\n<tbody>\n<tr>\n<td class=\"has-text-align-center\" colspan=\"5\" data-align=\"center\">\n<p>\u00a0\u00a0\u00a0\u00a0\u00a0\u00a0\u00a0\u00a0\u00a0\u00a0\u00a0\u00a0\u00a0\u00a0 TERMINARZ ROZGRYWEK 28 EDYCJI GLAS-GOLENI\u00d3W 2025\/26<\/p>\n<\/td>\n<\/tr>\n<tr>\n<td class=\"has-text-align-center\" colspan=\"5\" data-align=\"center\">\n<p>\u00a0Runda Zasadnicza<\/p>\n<\/td>\n<\/tr>\n<tr>\n<td class=\"has-text-align-center\" colspan=\"5\" data-align=\"center\">\n<p>I kol.04.10.2025<\/p>\n<\/td>\n<\/tr>\n<tr>\n<td class=\"has-text-align-center\" data-align=\"center\">\n<p>Nr meczu<\/p>\n<\/td>\n<td>\n<p>Godzina<\/p>\n<\/td>\n<td>\n<p>Nazwa dru\u017cyn<\/p>\n<\/td>\n<td>\u00a0<\/td>\n<td>\n<p>Nr Boiska<\/p>\n<\/td>\n<\/tr>\n<tr>\n<td class=\"has-text-align-center\" data-align=\"center\">\n<p>1<\/p>\n<\/td>\n<td>\n<p>10:00<\/p>\n<\/td>\n<td>\n<p>Joker\u00a0<\/p>\n<\/td>\n<td>\n<p>Kumple Stara D\u0105browa<\/p>\n<\/td>\n<td>\n<p>1<\/p>\n<\/td>\n<\/tr>\n<tr>\n<td class=\"has-text-align-center\" data-align=\"center\">\n<p>2<\/p>\n<\/td>\n<td>\n<p>10:00<\/p>\n<\/td>\n<td>\n<p>SGS Magnat Zielona G\u00f3ra<\/p>\n<\/td>\n<td>\n<p>SGS Goleni\u00f3w<\/p>\n<\/td>\n<td>\n<p>2<\/p>\n<\/td>\n<\/tr>\n<tr>\n<td class=\"has-text-align-center\" data-align=\"center\">\u00a0<\/td>\n<td>\n<p>11:30<\/p>\n<\/td>\n<td>\n<p>UROCZYSTE OTWARCIE GLAS-GOLENI\u00d3W<\/p>\n<\/td>\n<td>\u00a0<\/td>\n<td>\u00a0<\/td>\n<\/tr>\n<tr>\n<td class=\"has-text-align-center\" data-align=\"center\">\n<p>3<\/p>\n<\/td>\n<td>\n<p>12:00<\/p>\n<\/td>\n<td>\n<p>Rezerwowi Stargard\u00a0<\/p>\n<\/td>\n<td>\n<p>MAK Osina<\/p>\n<\/td>\n<td>\n<p>1<\/p>\n<\/td>\n<\/tr>\n<tr>\n<td class=\"has-text-align-center\" data-align=\"center\">\n<p>4<\/p>\n<\/td>\n<td>\n<p>12:00<\/p>\n<\/td>\n<td>\n<p>Black Team Goleni\u00f3w<\/p>\n<\/td>\n<td>\n<p>INBA Kliniska<\/p>\n<\/td>\n<td>\n<p>2<\/p>\n<\/td>\n<\/tr>\n<tr>\n<td class=\"has-text-align-center\" data-align=\"center\">\u00a0<\/td>\n<td>\u00a0<\/td>\n<td>\u00a0<\/td>\n<td>\u00a0<\/td>\n<td>\u00a0<\/td>\n<\/tr>\n<tr>\n<td class=\"has-text-align-center\" colspan=\"5\" data-align=\"center\">\n<p>II KOLEJKA 18.10.2025<\/p>\n<\/td>\n<\/tr>\n<tr>\n<td class=\"has-text-align-center\" data-align=\"center\">\n<p>Nr meczu<\/p>\n<\/td>\n<td>\n<p>Godzina<\/p>\n<\/td>\n<td colspan=\"2\">\n<p>Nazwa dru\u017cyn<\/p>\n<\/td>\n<td>\n<p>Nr Boiska<\/p>\n<\/td>\n<\/tr>\n<tr>\n<td class=\"has-text-align-center\" data-align=\"center\">\n<p>5<\/p>\n<\/td>\n<td>\n<p>10:00<\/p>\n<\/td>\n<td>\n<p>SGS Magnat Zielona G\u00f3ra<\/p>\n<\/td>\n<td>\n<p>Rezerwowi Stargard\u00a0<\/p>\n<\/td>\n<td>\n<p>1<\/p>\n<\/td>\n<\/tr>\n<tr>\n<td class=\"has-text-align-center\" data-align=\"center\">\n<p>8<\/p>\n<\/td>\n<td>\n<p>10:00<\/p>\n<\/td>\n<td>\n<p>Black Team Goleni\u00f3w<\/p>\n<\/td>\n<td>\n<p>Joker Goleni\u00f3w<\/p>\n<\/td>\n<td>\n<p>2<\/p>\n<\/td>\n<\/tr>\n<tr>\n<td class=\"has-text-align-center\" data-align=\"center\">\n<p>9<\/p>\n<\/td>\n<td>\n<p>11:45<\/p>\n<\/td>\n<td>\n<p>SGS Goleni\u00f3w<\/p>\n<\/td>\n<td>\n<p>Kumple Stara D\u0105browa<\/p>\n<\/td>\n<td>\n<p>1<\/p>\n<\/td>\n<\/tr>\n<tr>\n<td class=\"has-text-align-center\" data-align=\"center\">\n<p>10<\/p>\n<\/td>\n<td>\n<p>11:45<\/p>\n<\/td>\n<td>\n<p>INBA Kliniska<\/p>\n<\/td>\n<td>\n<p>Osina<\/p>\n<\/td>\n<td>\n<p>2<\/p>\n<\/td>\n<\/tr>\n<tr>\n<td class=\"has-text-align-center\" data-align=\"center\">\u00a0<\/td>\n<td>\u00a0<\/td>\n<td>\u00a0<\/td>\n<td>\u00a0<\/td>\n<td>\u00a0<\/td>\n<\/tr>\n<tr>\n<td class=\"has-text-align-center\" colspan=\"5\" data-align=\"center\">\n<p>III KOLEJKA 08.11.2025<\/p>\n<\/td>\n<\/tr>\n<tr>\n<td class=\"has-text-align-center\" data-align=\"center\">\n<p>Nr meczu<\/p>\n<\/td>\n<td>\n<p>Godzina<\/p>\n<\/td>\n<td colspan=\"2\">\n<p>Nazwa dru\u017cyn<\/p>\n<\/td>\n<td>\n<p>Nr Boiska<\/p>\n<\/td>\n<\/tr>\n<tr>\n<td class=\"has-text-align-center\" data-align=\"center\">\n<p>111<\/p>\n<\/td>\n<td>\n<p>10:00<\/p>\n<\/td>\n<td>\n<p>SGS Magnat Zielona G\u00f3ra<\/p>\n<\/td>\n<td>\n<p>Osina<\/p>\n<\/td>\n<td>\n<p>1<\/p>\n<\/td>\n<\/tr>\n<tr>\n<td class=\"has-text-align-center\" data-align=\"center\">\n<p>12<\/p>\n<\/td>\n<td>\n<p>10:00<\/p>\n<\/td>\n<td>\n<p>INBA Kliniska<\/p>\n<\/td>\n<td>\n<p>Joker Goleni\u00f3w<\/p>\n<\/td>\n<td>\n<p>2<\/p>\n<\/td>\n<\/tr>\n<tr>\n<td class=\"has-text-align-center\" data-align=\"center\">\n<p>13<\/p>\n<\/td>\n<td>\n<p>11:45<\/p>\n<\/td>\n<td>\n<p>SGS Goleni\u00f3w<\/p>\n<\/td>\n<td>\n<p>Black Team Goleni\u00f3w<\/p>\n<\/td>\n<td>\n<p>1<\/p>\n<\/td>\n<\/tr>\n<tr>\n<td class=\"has-text-align-center\" data-align=\"center\">\n<p>14<\/p>\n<\/td>\n<td>\n<p>11:45<\/p>\n<\/td>\n<td>\n<p>Kumple Stara D\u0105browa<\/p>\n<\/td>\n<td>\n<p>Rezerwowi Stargard<\/p>\n<\/td>\n<td>\n<p>2<\/p>\n<\/td>\n<\/tr>\n<tr>\n<td class=\"has-text-align-center\" data-align=\"center\">\u00a0<\/td>\n<td>\u00a0<\/td>\n<td>\u00a0<\/td>\n<td>\u00a0<\/td>\n<td>\u00a0<\/td>\n<\/tr>\n<tr>\n<td class=\"has-text-align-center\" colspan=\"5\" data-align=\"center\">\n<p>IV KOLEJKA 29.11.2025<\/p>\n<\/td>\n<\/tr>\n<tr>\n<td class=\"has-text-align-center\" data-align=\"center\">\n<p>Nr meczu<\/p>\n<\/td>\n<td>\n<p>Godzina<\/p>\n<\/td>\n<td colspan=\"2\">\n<p>Nazwa dru\u017cyn<\/p>\n<\/td>\n<td>\n<p>Nr Boiska<\/p>\n<\/td>\n<\/tr>\n<tr>\n<td class=\"has-text-align-center\" data-align=\"center\">\n<p>15<\/p>\n<\/td>\n<td>\n<p>10:00<\/p>\n<\/td>\n<td>\n<p>SGS Magnat Zielona G\u00f3ra<\/p>\n<\/td>\n<td>\n<p>INBA Kliniska<\/p>\n<\/td>\n<td>\n<p>1<\/p>\n<\/td>\n<\/tr>\n<tr>\n<td class=\"has-text-align-center\" data-align=\"center\">\n<p>16<\/p>\n<\/td>\n<td>\n<p>10:00<\/p>\n<\/td>\n<td>\n<p>SGS Goleni\u00f3w<\/p>\n<\/td>\n<td>\n<p>Joker Goleni\u00f3w<\/p>\n<\/td>\n<td>\n<p>2<\/p>\n<\/td>\n<\/tr>\n<tr>\n<td class=\"has-text-align-center\" data-align=\"center\">\n<p>17<\/p>\n<\/td>\n<td>\n<p>11:45<\/p>\n<\/td>\n<td>\n<p>Osina<\/p>\n<\/td>\n<td>\n<p>Kumple Stara D\u0105browa<\/p>\n<\/td>\n<td>\n<p>1<\/p>\n<\/td>\n<\/tr>\n<tr>\n<td class=\"has-text-align-center\" data-align=\"center\">\n<p>18<\/p>\n<\/td>\n<td>\n<p>11:45<\/p>\n<\/td>\n<td>\n<p>Rezerwowi Stargard\u00a0<\/p>\n<\/td>\n<td>\n<p>Black Team Goleni\u00f3w<\/p>\n<\/td>\n<td>\n<p>2<\/p>\n<\/td>\n<\/tr>\n<tr>\n<td class=\"has-text-align-center\" data-align=\"center\">\u00a0<\/td>\n<td>\u00a0<\/td>\n<td>\u00a0<\/td>\n<td>\u00a0<\/td>\n<td>\u00a0<\/td>\n<\/tr>\n<tr>\n<td class=\"has-text-align-center\" colspan=\"5\" data-align=\"center\">\n<p>V KOLEJKA 13.12.2025<\/p>\n<\/td>\n<\/tr>\n<tr>\n<td class=\"has-text-align-center\" data-align=\"center\">\n<p>Nr meczu<\/p>\n<\/td>\n<td>\n<p>Godzina<\/p>\n<\/td>\n<td colspan=\"2\">\n<p>Nazwa dru\u017cyn<\/p>\n<\/td>\n<td>\n<p>Nr Boiska<\/p>\n<\/td>\n<\/tr>\n<tr>\n<td class=\"has-text-align-center\" data-align=\"center\">\n<p>25<\/p>\n<\/td>\n<td>\n<p>10:00<\/p>\n<\/td>\n<td>\n<p>Kumple Stara D\u0105browa<\/p>\n<\/td>\n<td>\n<p>SGS Magnat Zielona G\u00f3ra<\/p>\n<\/td>\n<td>\n<p>1<\/p>\n<\/td>\n<\/tr>\n<tr>\n<td class=\"has-text-align-center\" data-align=\"center\">\n<p>26<\/p>\n<\/td>\n<td>\n<p>10:00<\/p>\n<\/td>\n<td>\n<p>Osina<\/p>\n<\/td>\n<td>\n<p>Black Team Goleni\u00f3w<\/p>\n<\/td>\n<td>\n<p>2<\/p>\n<\/td>\n<\/tr>\n<tr>\n<td class=\"has-text-align-center\" data-align=\"center\">\n<p>27<\/p>\n<\/td>\n<td>\n<p>11:45<\/p>\n<\/td>\n<td>\n<p>Rezerwowi Stargard\u00a0<\/p>\n<\/td>\n<td>\n<p>Joker Goleni\u00f3w<\/p>\n<\/td>\n<td>\n<p>1<\/p>\n<\/td>\n<\/tr>\n<tr>\n<td class=\"has-text-align-center\" data-align=\"center\">\n<p>28<\/p>\n<\/td>\n<td>\n<p>11:45<\/p>\n<\/td>\n<td>\n<p>INBA liniska<\/p>\n<\/td>\n<td>\n<p>SGS Goleni\u00f3w<\/p>\n<\/td>\n<td>\n<p>2<\/p>\n<\/td>\n<\/tr>\n<tr>\n<td class=\"has-text-align-center\" data-align=\"center\">\u00a0<\/td>\n<td>\u00a0<\/td>\n<td>\u00a0<\/td>\n<td>\u00a0<\/td>\n<td>\u00a0<\/td>\n<\/tr>\n<tr>\n<td class=\"has-text-align-center\" data-align=\"center\">\u00a0<\/td>\n<td>\u00a0<\/td>\n<td>\u00a0<\/td>\n<td>\u00a0<\/td>\n<td>\u00a0<\/td>\n<\/tr>\n<tr>\n<td class=\"has-text-align-center\" data-align=\"center\">\u00a0<\/td>\n<td>\u00a0<\/td>\n<td>\u00a0<\/td>\n<td>\u00a0<\/td>\n<td>\u00a0<\/td>\n<\/tr>\n<tr>\n<td class=\"has-text-align-center\" colspan=\"5\" data-align=\"center\">\n<p>VI KOLEJKA 10.01.2026<\/p>\n<\/td>\n<\/tr>\n<tr>\n<td class=\"has-text-align-center\" data-align=\"center\">\n<p>Nr meczu<\/p>\n<\/td>\n<td>\n<p>Godzina<\/p>\n<\/td>\n<td colspan=\"2\">\n<p>Nazwa dru\u017cyn<\/p>\n<\/td>\n<td>\n<p>Nr Boiska<\/p>\n<\/td>\n<\/tr>\n<tr>\n<td class=\"has-text-align-center\" data-align=\"center\">\n<p>26<\/p>\n<\/td>\n<td>\n<p>10:00<\/p>\n<\/td>\n<td>\n<p>SGS Magnat Zielona G\u00f3ra<\/p>\n<\/td>\n<td>\n<p>Black Team Goleni\u00f3w<\/p>\n<\/td>\n<td>\n<p>1<\/p>\n<\/td>\n<\/tr>\n<tr>\n<td class=\"has-text-align-center\" data-align=\"center\">\n<p>27<\/p>\n<\/td>\n<td>\n<p>10:00<\/p>\n<\/td>\n<td>\n<p>SGS Goleni\u00f3w<\/p>\n<\/td>\n<td>\n<p>Rezerwowi Stargard\u00a0<\/p>\n<\/td>\n<td>\n<p>2<\/p>\n<\/td>\n<\/tr>\n<tr>\n<td class=\"has-text-align-center\" data-align=\"center\">\n<p>28<\/p>\n<\/td>\n<td>\n<p>11:45<\/p>\n<\/td>\n<td>\n<p>INBA Kliniska<\/p>\n<\/td>\n<td>\n<p>Kumple Stara D\u0105browa<\/p>\n<\/td>\n<td>\n<p>1<\/p>\n<\/td>\n<\/tr>\n<tr>\n<td class=\"has-text-align-center\" data-align=\"center\">\n<p>29<\/p>\n<\/td>\n<td>\n<p>11:45<\/p>\n<\/td>\n<td>\n<p>Osina<\/p>\n<\/td>\n<td>\n<p>Joker Goleni\u00f3w<\/p>\n<\/td>\n<td>\n<p>2<\/p>\n<\/td>\n<\/tr>\n<tr>\n<td class=\"has-text-align-center\" data-align=\"center\">\u00a0<\/td>\n<td>\u00a0<\/td>\n<td>\u00a0<\/td>\n<td>\u00a0<\/td>\n<td>\u00a0<\/td>\n<\/tr>\n<tr>\n<td class=\"has-text-align-center\" colspan=\"5\" data-align=\"center\">\n<p>VII KOLEJKA 24.01.2026<\/p>\n<\/td>\n<\/tr>\n<tr>\n<td class=\"has-text-align-center\" data-align=\"center\">\n<p>Nr meczu<\/p>\n<\/td>\n<td>\n<p>Godzina<\/p>\n<\/td>\n<td>\n<p>Nazwa dru\u017cyn<\/p>\n<\/td>\n<td>\u00a0<\/td>\n<td>\n<p>Nr Boiska<\/p>\n<\/td>\n<\/tr>\n<tr>\n<td class=\"has-text-align-center\" data-align=\"center\">\n<p>30<\/p>\n<\/td>\n<td>\n<p>10:00<\/p>\n<\/td>\n<td>\n<p>SGS Magnat Zielona G\u00f3ra<\/p>\n<\/td>\n<td>\n<p>Joker Goleni\u00f3w<\/p>\n<\/td>\n<td>\n<p>1<\/p>\n<\/td>\n<\/tr>\n<tr>\n<td class=\"has-text-align-center\" data-align=\"center\">\n<p>31<\/p>\n<\/td>\n<td>\n<p>10:00<\/p>\n<\/td>\n<td>\n<p>Kumple Stara D\u0105browa<\/p>\n<\/td>\n<td>\n<p>Black Team Goleni\u00f3w<\/p>\n<\/td>\n<td>\n<p>2<\/p>\n<\/td>\n<\/tr>\n<tr>\n<td class=\"has-text-align-center\" data-align=\"center\">\n<p>32<\/p>\n<\/td>\n<td>\n<p>11:45<\/p>\n<\/td>\n<td>\n<p>Rezerwowi Stargard<\/p>\n<\/td>\n<td>\n<p>INBA kliniska<\/p>\n<\/td>\n<td>\n<p>1<\/p>\n<\/td>\n<\/tr>\n<tr>\n<td class=\"has-text-align-center\" data-align=\"center\">\n<p>33<\/p>\n<\/td>\n<td>\n<p>11:45<\/p>\n<\/td>\n<td>\n<p>Osina<\/p>\n<\/td>\n<td>\n<p>SGS Goleni\u00f3w<\/p>\n<\/td>\n<td>\n<p>2<\/p>\n<\/td>\n<\/tr>\n<tr>\n<td class=\"has-text-align-center\" data-align=\"center\">\u00a0<\/td>\n<td>\u00a0<\/td>\n<td>\u00a0<\/td>\n<td>\u00a0<\/td>\n<td>\u00a0<\/td>\n<\/tr>\n<tr>\n<td class=\"has-text-align-center\" data-align=\"center\">\u00a0<\/td>\n<td>\u00a0<\/td>\n<td>\n<p>\u00a0\u00a0\u00a0\u00a0\u00a0\u00a0\u00a0\u00a0\u00a0\u00a0\u00a0\u00a0\u00a0\u00a0\u00a0\u00a0\u00a0\u00a0\u00a0\u00a0\u00a0\u00a0\u00a0\u00a0\u00a0\u00a0\u00a0\u00a0 PLAY OFFY<\/p>\n<\/td>\n<td>\u00a0<\/td>\n<td>\u00a0<\/td>\n<\/tr>\n<tr>\n<td class=\"has-text-align-center\" colspan=\"5\" data-align=\"center\">\n<p>\u00a0\u0106wiercfina\u0142y 21.02.2026<\/p>\n<\/td>\n<\/tr>\n<tr>\n<td class=\"has-text-align-center\" data-align=\"center\">\u00a0<\/td>\n<td>\u00a0<\/td>\n<td>\u00a0<\/td>\n<td>\u00a0<\/td>\n<td>\u00a0<\/td>\n<\/tr>\n<tr>\n<td class=\"has-text-align-center\" colspan=\"5\" data-align=\"center\">\n<p>P\u00f3\u0142fina\u0142y 07.03.2026<\/p>\n<\/td>\n<\/tr>\n<tr>\n<td class=\"has-text-align-center\" data-align=\"center\">\u00a0<\/td>\n<td>\u00a0<\/td>\n<td>\u00a0<\/td>\n<td>\u00a0<\/td>\n<td>\u00a0<\/td>\n<\/tr>\n<tr>\n<td class=\"has-text-align-center\" colspan=\"5\" data-align=\"center\">\n<p>\u00a0P\u00f3\u0142fina\u0142y Rewan\u017ce21.03.2026<\/p>\n<\/td>\n<\/tr>\n<tr>\n<td class=\"has-text-align-center\" data-align=\"center\">\u00a0<\/td>\n<td>\u00a0<\/td>\n<td>\u00a0<\/td>\n<td>\u00a0<\/td>\n<td>\u00a0<\/td>\n<\/tr>\n<tr>\n<td class=\"has-text-align-center\" colspan=\"5\" data-align=\"center\">\n<p>FINA\u0141Y 18.04.2026<\/p>\n<\/td>\n<\/tr>\n<\/tbody>\n<\/table>\n<\/figure>\n<p><a class=\"wp-block-button__link has-text-align-center wp-element-button\" href=\"http:\/\/sgsgoleniow.pl\/wp-content\/uploads\/2025\/10\/Regulamin-GPLAS-2025-2026.pdf\">Regulamin GLAS<\/a><\/p>\n<\/div>\n<\/div>\n<p><\/p>\t\t\t\t\t\t\t\t<\/div>\n\t\t\t\t<\/div>\n\t\t\t\t\t<\/div>\n\t\t\t\t<\/div>\n\t\t\t\t<\/div>\n\t\t","protected":false},"excerpt":{"rendered":"<p>\u00a0\u00a0\u00a0\u00a0\u00a0\u00a0\u00a0\u00a0\u00a0\u00a0\u00a0\u00a0\u00a0\u00a0 TERMINARZ ROZGRYWEK 28 EDYCJI GLAS-GOLENI\u00d3W 2025\/26 \u00a0Runda Zasadnicza I kol.04.10.2025 Nr meczu Godzina Nazwa dru\u017cyn \u00a0 Nr Boiska 1 10:00 Joker\u00a0 Kumple Stara D\u0105browa 1 2 10:00 SGS Magnat Zielona G\u00f3ra SGS Goleni\u00f3w 2 \u00a0 11:30 UROCZYSTE OTWARCIE GLAS-GOLENI\u00d3W \u00a0 \u00a0 3 12:00 Rezerwowi&#8230;<\/p>\n","protected":false},"author":2,"featured_media":0,"parent":0,"menu_order":0,"comment_status":"closed","ping_status":"closed","template":"","meta":{"footnotes":""},"class_list":["post-313","page","type-page","status-publish","hentry"],"_links":{"self":[{"href":"https:\/\/sgsgoleniow.pl\/index.php?rest_route=\/wp\/v2\/pages\/313","targetHints":{"allow":["GET"]}}],"collection":[{"href":"https:\/\/sgsgoleniow.pl\/index.php?rest_route=\/wp\/v2\/pages"}],"about":[{"href":"https:\/\/sgsgoleniow.pl\/index.php?rest_route=\/wp\/v2\/types\/page"}],"author":[{"embeddable":true,"href":"https:\/\/sgsgoleniow.pl\/index.php?rest_route=\/wp\/v2\/users\/2"}],"replies":[{"embeddable":true,"href":"https:\/\/sgsgoleniow.pl\/index.php?rest_route=%2Fwp%2Fv2%2Fcomments&post=313"}],"version-history":[{"count":32,"href":"https:\/\/sgsgoleniow.pl\/index.php?rest_route=\/wp\/v2\/pages\/313\/revisions"}],"predecessor-version":[{"id":352,"href":"https:\/\/sgsgoleniow.pl\/index.php?rest_route=\/wp\/v2\/pages\/313\/revisions\/352"}],"wp:attachment":[{"href":"https:\/\/sgsgoleniow.pl\/index.php?rest_route=%2Fwp%2Fv2%2Fmedia&parent=313"}],"curies":[{"name":"wp","href":"https:\/\/api.w.org\/{rel}","templated":true}]}}