{"id":18,"date":"2024-10-30T13:03:30","date_gmt":"2024-10-30T13:03:30","guid":{"rendered":"http:\/\/sgsgoleniow.pl\/?page_id=18"},"modified":"2025-09-16T06:42:22","modified_gmt":"2025-09-16T06:42:22","slug":"trenerzy","status":"publish","type":"page","link":"https:\/\/sgsgoleniow.pl\/?page_id=18","title":{"rendered":"Trenerzy"},"content":{"rendered":"\n<p><\/p>\n\n\n\n<p>W prac\u0119 naszego klubu zaanga\u017cowane s\u0105 nast\u0119puj\u0105ce osoby<\/p>\n\n\n\n<p class=\"has-medium-font-size\">Prezes klubu Mieczys\u0142aw Pieprz<\/p>\n\n\n\n<p class=\"has-medium-font-size\">Koordynator Natalia Me\u0142ech<\/p>\n\n\n\n<p class=\"has-medium-font-size\">Trener Anna Go\u0142\u0119biowska<\/p>\n\n\n\n<figure class=\"wp-block-image size-large is-resized\"><img fetchpriority=\"high\" decoding=\"async\" width=\"724\" height=\"1024\" src=\"http:\/\/sgsgoleniow.pl\/wp-content\/uploads\/2024\/11\/Anna_Golebiowska-724x1024.jpg\" alt=\"\" class=\"wp-image-230\" style=\"width:200px\" srcset=\"https:\/\/sgsgoleniow.pl\/wp-content\/uploads\/2024\/11\/Anna_Golebiowska-724x1024.jpg 724w, https:\/\/sgsgoleniow.pl\/wp-content\/uploads\/2024\/11\/Anna_Golebiowska-212x300.jpg 212w, https:\/\/sgsgoleniow.pl\/wp-content\/uploads\/2024\/11\/Anna_Golebiowska-768x1087.jpg 768w, https:\/\/sgsgoleniow.pl\/wp-content\/uploads\/2024\/11\/Anna_Golebiowska.jpg 1447w\" sizes=\"(max-width: 724px) 100vw, 724px\" \/><\/figure>\n\n\n\n<p class=\"has-medium-font-size\">Trener Radomir Marciniak<\/p>\n\n\n\n<p class=\"has-medium-font-size\">Trener Marek Mierzwi\u0144ski<\/p>\n\n\n\n<figure class=\"wp-block-image size-large is-resized\"><img decoding=\"async\" width=\"607\" height=\"1024\" src=\"http:\/\/sgsgoleniow.pl\/wp-content\/uploads\/2024\/11\/Marek_Mierzwinski-607x1024.jpg\" alt=\"\" class=\"wp-image-232\" style=\"width:200px\" srcset=\"https:\/\/sgsgoleniow.pl\/wp-content\/uploads\/2024\/11\/Marek_Mierzwinski-607x1024.jpg 607w, https:\/\/sgsgoleniow.pl\/wp-content\/uploads\/2024\/11\/Marek_Mierzwinski-178x300.jpg 178w, https:\/\/sgsgoleniow.pl\/wp-content\/uploads\/2024\/11\/Marek_Mierzwinski-768x1296.jpg 768w, https:\/\/sgsgoleniow.pl\/wp-content\/uploads\/2024\/11\/Marek_Mierzwinski-scaled.jpg 1517w\" sizes=\"(max-width: 607px) 100vw, 607px\" \/><\/figure>\n\n\n\n<p class=\"has-medium-font-size\">Trener Urszula Pomocka<\/p>\n\n\n\n<figure class=\"wp-block-image size-large is-resized\"><img decoding=\"async\" width=\"669\" height=\"1024\" src=\"http:\/\/sgsgoleniow.pl\/wp-content\/uploads\/2024\/11\/UrszulA_Pomocka-669x1024.jpg\" alt=\"\" class=\"wp-image-233\" style=\"width:200px\" srcset=\"https:\/\/sgsgoleniow.pl\/wp-content\/uploads\/2024\/11\/UrszulA_Pomocka-669x1024.jpg 669w, https:\/\/sgsgoleniow.pl\/wp-content\/uploads\/2024\/11\/UrszulA_Pomocka-196x300.jpg 196w, https:\/\/sgsgoleniow.pl\/wp-content\/uploads\/2024\/11\/UrszulA_Pomocka-768x1175.jpg 768w, https:\/\/sgsgoleniow.pl\/wp-content\/uploads\/2024\/11\/UrszulA_Pomocka-scaled.jpg 1674w\" sizes=\"(max-width: 669px) 100vw, 669px\" \/><\/figure>\n\n\n\n<p class=\"has-medium-font-size\">Trener Ma\u0142gorzata Zajko<\/p>\n\n\n\n<p class=\"has-medium-font-size\">Trener Hubert Zakrzewski<\/p>\n\n\n\n<figure class=\"wp-block-image size-large is-resized\"><img loading=\"lazy\" decoding=\"async\" width=\"679\" height=\"1024\" src=\"http:\/\/sgsgoleniow.pl\/wp-content\/uploads\/2024\/11\/Hubert_Zakrzewski-679x1024.jpg\" alt=\"\" class=\"wp-image-234\" style=\"width:200px\" srcset=\"https:\/\/sgsgoleniow.pl\/wp-content\/uploads\/2024\/11\/Hubert_Zakrzewski-679x1024.jpg 679w, https:\/\/sgsgoleniow.pl\/wp-content\/uploads\/2024\/11\/Hubert_Zakrzewski-199x300.jpg 199w, https:\/\/sgsgoleniow.pl\/wp-content\/uploads\/2024\/11\/Hubert_Zakrzewski-768x1159.jpg 768w, https:\/\/sgsgoleniow.pl\/wp-content\/uploads\/2024\/11\/Hubert_Zakrzewski-scaled.jpg 1697w\" sizes=\"(max-width: 679px) 100vw, 679px\" \/><\/figure>\n\n\n\n<p class=\"has-medium-font-size\">Trener Sebastian Zaremba<\/p>\n\n\n\n<figure class=\"wp-block-image size-large is-resized\"><img loading=\"lazy\" decoding=\"async\" width=\"705\" height=\"1024\" src=\"http:\/\/sgsgoleniow.pl\/wp-content\/uploads\/2024\/11\/Sebastian_Zareba-705x1024.jpg\" alt=\"\" class=\"wp-image-235\" style=\"width:200px\" srcset=\"https:\/\/sgsgoleniow.pl\/wp-content\/uploads\/2024\/11\/Sebastian_Zareba-705x1024.jpg 705w, https:\/\/sgsgoleniow.pl\/wp-content\/uploads\/2024\/11\/Sebastian_Zareba-206x300.jpg 206w, https:\/\/sgsgoleniow.pl\/wp-content\/uploads\/2024\/11\/Sebastian_Zareba-768x1116.jpg 768w, https:\/\/sgsgoleniow.pl\/wp-content\/uploads\/2024\/11\/Sebastian_Zareba-scaled.jpg 1761w\" sizes=\"(max-width: 705px) 100vw, 705px\" \/><\/figure>\n\n\n\n<p>Trener Magdalena Gardzio\u0142a<\/p>\n\n\n\n<p>Trener Daria Marciniak<\/p>\n","protected":false},"excerpt":{"rendered":"<p>W prac\u0119 naszego klubu zaanga\u017cowane s\u0105 nast\u0119puj\u0105ce osoby Prezes klubu Mieczys\u0142aw Pieprz Koordynator Natalia Me\u0142ech Trener Anna Go\u0142\u0119biowska Trener Radomir Marciniak Trener Marek Mierzwi\u0144ski Trener Urszula Pomocka Trener Ma\u0142gorzata Zajko Trener Hubert Zakrzewski Trener Sebastian Zaremba Trener Magdalena Gardzio\u0142a Trener Daria Marciniak<\/p>\n","protected":false},"author":1,"featured_media":0,"parent":0,"menu_order":0,"comment_status":"closed","ping_status":"closed","template":"","meta":{"footnotes":""},"class_list":["post-18","page","type-page","status-publish","hentry"],"_links":{"self":[{"href":"https:\/\/sgsgoleniow.pl\/index.php?rest_route=\/wp\/v2\/pages\/18","targetHints":{"allow":["GET"]}}],"collection":[{"href":"https:\/\/sgsgoleniow.pl\/index.php?rest_route=\/wp\/v2\/pages"}],"about":[{"href":"https:\/\/sgsgoleniow.pl\/index.php?rest_route=\/wp\/v2\/types\/page"}],"author":[{"embeddable":true,"href":"https:\/\/sgsgoleniow.pl\/index.php?rest_route=\/wp\/v2\/users\/1"}],"replies":[{"embeddable":true,"href":"https:\/\/sgsgoleniow.pl\/index.php?rest_route=%2Fwp%2Fv2%2Fcomments&post=18"}],"version-history":[{"count":5,"href":"https:\/\/sgsgoleniow.pl\/index.php?rest_route=\/wp\/v2\/pages\/18\/revisions"}],"predecessor-version":[{"id":283,"href":"https:\/\/sgsgoleniow.pl\/index.php?rest_route=\/wp\/v2\/pages\/18\/revisions\/283"}],"wp:attachment":[{"href":"https:\/\/sgsgoleniow.pl\/index.php?rest_route=%2Fwp%2Fv2%2Fmedia&parent=18"}],"curies":[{"name":"wp","href":"https:\/\/api.w.org\/{rel}","templated":true}]}}