{"id":17,"date":"2024-10-30T13:03:30","date_gmt":"2024-10-30T13:03:30","guid":{"rendered":"http:\/\/sgsgoleniow.pl\/?page_id=17"},"modified":"2024-10-31T12:29:03","modified_gmt":"2024-10-31T12:29:03","slug":"historia","status":"publish","type":"page","link":"https:\/\/sgsgoleniow.pl\/?page_id=17","title":{"rendered":"Historia"},"content":{"rendered":"\n<p><\/p>\n\n\n<div class=\"wp-block-image is-style-rounded wp-duotone-unset-1\">\n<figure class=\"aligncenter size-large is-resized\"><img fetchpriority=\"high\" decoding=\"async\" width=\"1024\" height=\"768\" src=\"http:\/\/sgsgoleniow.pl\/wp-content\/uploads\/2024\/10\/FB_IMG_1730373074452-1024x768.jpg\" alt=\"\" class=\"wp-image-223\" style=\"width:600px\" srcset=\"https:\/\/sgsgoleniow.pl\/wp-content\/uploads\/2024\/10\/FB_IMG_1730373074452-1024x768.jpg 1024w, https:\/\/sgsgoleniow.pl\/wp-content\/uploads\/2024\/10\/FB_IMG_1730373074452-300x225.jpg 300w, https:\/\/sgsgoleniow.pl\/wp-content\/uploads\/2024\/10\/FB_IMG_1730373074452-768x576.jpg 768w, https:\/\/sgsgoleniow.pl\/wp-content\/uploads\/2024\/10\/FB_IMG_1730373074452.jpg 1080w\" sizes=\"(max-width: 1024px) 100vw, 1024px\" \/><\/figure>\n<\/div>\n\n\n<p class=\"has-text-align-center\">Stowarzyszenie Goleniowskiej Siatk\u00f3wki powsta\u0142o 20 wrze\u015bnia 2011 roku z inicjatywy\u00a0 Mieczys\u0142awa Pieprz oraz sympatyk\u00f3w m\u0119skiej siatk\u00f3wki w naszej gminie. Po prawie 2 latach dzia\u0142alno\u015bci, dok\u0142adnie 7 Stycznia 2013 do rejestru Polskiego Zwi\u0105zku Pi\u0142ki Siatkowej dopisano nowy KLUB. STOWARZYSZENIE GOLENIOWSKIEJ SIATK\u00d3WKI &#8211; bo tak brzmi nazwa, dosta\u0142o licencj\u0119, kt\u00f3ra pozwala na uczestnictwo w rozgrywkach organizowanych przez PZPS zar\u00f3wno m\u0119\u017cczyzn jak i kobiet. Pocz\u0105tkowo klub wyst\u0119powa\u0142 jedynie w rozgrywkach 3ligi zdobywaj\u0105c m.in. mistrzostwo 3ligi oraz awans do bara\u017cy o wej\u015bcie do 2 ligi. Z ka\u017cdym rokiem przybywa\u0142o zawodnik\u00f3w i zacz\u0119\u0142y powstawa\u0107 grupy dzieci\u0119ce oraz m\u0142odzie\u017cowe, kt\u00f3re z powodzeniem wyst\u0119powa\u0142y na parkietach naszego wojew\u00f3dztwa, jak r\u00f3wnie\u017c na og\u00f3lnopolskich. Od wrze\u015bnia 2021 roku nasze stowarzyszenie poszerzy\u0142o dzia\u0142alno\u015b\u0107 o sekcje pi\u0142ki siatkowej dziewcz\u0105t.<br>Do naszych sukces\u00f3w nale\u017cy zaliczy\u0107 m.in. medalowe pozycje w mistrzostwach wojew\u00f3dztwa w mini siatk\u00f3wce\u00a0 dziewcz\u0105t jak i ch\u0142opc\u00f3w, medale w rozgrywkach wojew\u00f3dzkich w kategorii m\u0142odzik i kadet, a tak\u017ce wyst\u0119py naszych zawodnik\u00f3w na Mistrzostwach Polski w mini siatk\u00f3wce oraz zdobycie 4 miejsca w kategorii dw\u00f3jek dziewcz\u0105t. Wielu naszych zawodnik\u00f3w wyst\u0119powa\u0142o w kadrze wojew\u00f3dztwa zachodniopomorskiego.<br>Warto wspomnie\u0107 tak\u017ce, \u017ce corocznie z powodzeniem bierzemy udzia\u0142 w pla\u017cowych rozgrywkach w pi\u0142ce siatkowej<\/p>\n","protected":false},"excerpt":{"rendered":"<p>Stowarzyszenie Goleniowskiej Siatk\u00f3wki powsta\u0142o 20 wrze\u015bnia 2011 roku z inicjatywy\u00a0 Mieczys\u0142awa Pieprz oraz sympatyk\u00f3w m\u0119skiej siatk\u00f3wki w naszej gminie. Po prawie 2 latach dzia\u0142alno\u015bci, dok\u0142adnie 7 Stycznia 2013 do rejestru Polskiego Zwi\u0105zku Pi\u0142ki Siatkowej dopisano nowy KLUB. STOWARZYSZENIE GOLENIOWSKIEJ SIATK\u00d3WKI &#8211; bo tak brzmi nazwa,&#8230;<\/p>\n","protected":false},"author":1,"featured_media":0,"parent":0,"menu_order":0,"comment_status":"closed","ping_status":"closed","template":"","meta":{"footnotes":""},"class_list":["post-17","page","type-page","status-publish","hentry"],"_links":{"self":[{"href":"https:\/\/sgsgoleniow.pl\/index.php?rest_route=\/wp\/v2\/pages\/17","targetHints":{"allow":["GET"]}}],"collection":[{"href":"https:\/\/sgsgoleniow.pl\/index.php?rest_route=\/wp\/v2\/pages"}],"about":[{"href":"https:\/\/sgsgoleniow.pl\/index.php?rest_route=\/wp\/v2\/types\/page"}],"author":[{"embeddable":true,"href":"https:\/\/sgsgoleniow.pl\/index.php?rest_route=\/wp\/v2\/users\/1"}],"replies":[{"embeddable":true,"href":"https:\/\/sgsgoleniow.pl\/index.php?rest_route=%2Fwp%2Fv2%2Fcomments&post=17"}],"version-history":[{"count":10,"href":"https:\/\/sgsgoleniow.pl\/index.php?rest_route=\/wp\/v2\/pages\/17\/revisions"}],"predecessor-version":[{"id":227,"href":"https:\/\/sgsgoleniow.pl\/index.php?rest_route=\/wp\/v2\/pages\/17\/revisions\/227"}],"wp:attachment":[{"href":"https:\/\/sgsgoleniow.pl\/index.php?rest_route=%2Fwp%2Fv2%2Fmedia&parent=17"}],"curies":[{"name":"wp","href":"https:\/\/api.w.org\/{rel}","templated":true}]}}