{"id":16,"date":"2024-10-30T13:03:30","date_gmt":"2024-10-30T13:03:30","guid":{"rendered":"http:\/\/sgsgoleniow.pl\/?page_id=16"},"modified":"2025-08-22T06:38:44","modified_gmt":"2025-08-22T06:38:44","slug":"partnerzy","status":"publish","type":"page","link":"https:\/\/sgsgoleniow.pl\/?page_id=16","title":{"rendered":"Partnerzy"},"content":{"rendered":"\n<p><\/p>\n\n\n\n<div class=\"wp-block-columns is-layout-flex wp-container-core-columns-is-layout-9d6595d7 wp-block-columns-is-layout-flex\">\n<div class=\"wp-block-column is-layout-flow wp-block-column-is-layout-flow\"><div class=\"wp-block-image\">\n<figure class=\"aligncenter size-full is-resized\"><img fetchpriority=\"high\" decoding=\"async\" width=\"250\" height=\"300\" src=\"http:\/\/sgsgoleniow.pl\/wp-content\/uploads\/2024\/10\/gmina-goleniow-1.jpg\" alt=\"\" class=\"wp-image-167\" style=\"width:auto;height:250px\"\/><\/figure>\n<\/div>\n\n\n<p class=\"has-text-align-center\">Gmina Goleni\u00f3w<\/p>\n<\/div>\n\n\n\n<div class=\"wp-block-column is-layout-flow wp-block-column-is-layout-flow\"><div class=\"wp-block-image\">\n<figure class=\"aligncenter size-full is-resized\"><img decoding=\"async\" width=\"225\" height=\"225\" src=\"http:\/\/sgsgoleniow.pl\/wp-content\/uploads\/2024\/10\/OSiR-1.png\" alt=\"\" class=\"wp-image-165\" style=\"object-fit:cover;width:250px;height:250px\" srcset=\"https:\/\/sgsgoleniow.pl\/wp-content\/uploads\/2024\/10\/OSiR-1.png 225w, https:\/\/sgsgoleniow.pl\/wp-content\/uploads\/2024\/10\/OSiR-1-150x150.png 150w\" sizes=\"(max-width: 225px) 100vw, 225px\" \/><\/figure>\n<\/div>\n\n\n<p class=\"has-text-align-center\">O\u015brodek Sportu i Rekreacji w Goleniowie<\/p>\n<\/div>\n\n\n\n<div class=\"wp-block-column is-layout-flow wp-block-column-is-layout-flow\"><div class=\"wp-block-image\">\n<figure class=\"aligncenter size-large is-resized\"><img decoding=\"async\" width=\"1024\" height=\"796\" src=\"http:\/\/sgsgoleniow.pl\/wp-content\/uploads\/2024\/10\/c8f176b8-d036-497b-92c0-a1368e0f28a5-1024x796.jpg\" alt=\"\" class=\"wp-image-215\" style=\"width:auto;height:250px\" srcset=\"https:\/\/sgsgoleniow.pl\/wp-content\/uploads\/2024\/10\/c8f176b8-d036-497b-92c0-a1368e0f28a5-1024x796.jpg 1024w, https:\/\/sgsgoleniow.pl\/wp-content\/uploads\/2024\/10\/c8f176b8-d036-497b-92c0-a1368e0f28a5-300x233.jpg 300w, https:\/\/sgsgoleniow.pl\/wp-content\/uploads\/2024\/10\/c8f176b8-d036-497b-92c0-a1368e0f28a5-768x597.jpg 768w\" sizes=\"(max-width: 1024px) 100vw, 1024px\" \/><\/figure>\n<\/div>\n\n\n<p class=\"has-text-align-center\">Urz\u0105d Marsza\u0142kowski w Szczecinie<\/p>\n<\/div>\n<\/div>\n\n\n\n<div class=\"wp-block-columns is-layout-flex wp-container-core-columns-is-layout-9d6595d7 wp-block-columns-is-layout-flex\">\n<div class=\"wp-block-column is-layout-flow wp-block-column-is-layout-flow\"><div class=\"wp-block-image\">\n<figure class=\"aligncenter size-full is-resized\"><img loading=\"lazy\" decoding=\"async\" width=\"272\" height=\"185\" src=\"http:\/\/sgsgoleniow.pl\/wp-content\/uploads\/2024\/10\/zzps-1.jpg\" alt=\"\" class=\"wp-image-170\" style=\"width:auto;height:250px\"\/><\/figure>\n<\/div>\n\n\n<p class=\"has-text-align-center\">Zachodniopomorski Zwi\u0105zek Pi\u0142ki Siatkowej<\/p>\n<\/div>\n\n\n\n<div class=\"wp-block-column is-layout-flow wp-block-column-is-layout-flow\"><div class=\"wp-block-image\">\n<figure class=\"aligncenter size-full is-resized\"><img loading=\"lazy\" decoding=\"async\" width=\"465\" height=\"320\" src=\"http:\/\/sgsgoleniow.pl\/wp-content\/uploads\/2024\/10\/bobas-1.png\" alt=\"\" class=\"wp-image-166\" style=\"object-fit:cover;width:250px;height:250px\" srcset=\"https:\/\/sgsgoleniow.pl\/wp-content\/uploads\/2024\/10\/bobas-1.png 465w, https:\/\/sgsgoleniow.pl\/wp-content\/uploads\/2024\/10\/bobas-1-300x206.png 300w\" sizes=\"(max-width: 465px) 100vw, 465px\" \/><\/figure>\n<\/div>\n\n\n<p class=\"has-text-align-center\">Bobas Bar<\/p>\n<\/div>\n\n\n\n<div class=\"wp-block-column is-layout-flow wp-block-column-is-layout-flow\"><div class=\"wp-block-image\">\n<figure class=\"aligncenter size-full is-resized\"><img loading=\"lazy\" decoding=\"async\" width=\"500\" height=\"200\" src=\"http:\/\/sgsgoleniow.pl\/wp-content\/uploads\/2024\/10\/sportplus-1.jpg\" alt=\"\" class=\"wp-image-171\" style=\"width:auto;height:250px\" srcset=\"https:\/\/sgsgoleniow.pl\/wp-content\/uploads\/2024\/10\/sportplus-1.jpg 500w, https:\/\/sgsgoleniow.pl\/wp-content\/uploads\/2024\/10\/sportplus-1-300x120.jpg 300w\" sizes=\"(max-width: 500px) 100vw, 500px\" \/><\/figure>\n<\/div>\n\n\n<p class=\"has-text-align-center\">Sklep Sportowy Sportplus<\/p>\n<\/div>\n<\/div>\n\n\n\n<div class=\"wp-block-columns are-vertically-aligned-center is-layout-flex wp-container-core-columns-is-layout-9d6595d7 wp-block-columns-is-layout-flex\">\n<div class=\"wp-block-column is-vertically-aligned-center is-layout-flow wp-block-column-is-layout-flow\"><div class=\"wp-block-image\">\n<figure class=\"aligncenter size-large is-resized\"><img loading=\"lazy\" decoding=\"async\" width=\"1024\" height=\"396\" src=\"http:\/\/sgsgoleniow.pl\/wp-content\/uploads\/2025\/08\/Mintinvest-logo-tagline-poziom-kremowy-zielony-1024x396.png\" alt=\"\" class=\"wp-image-264\" style=\"width:300px\" srcset=\"https:\/\/sgsgoleniow.pl\/wp-content\/uploads\/2025\/08\/Mintinvest-logo-tagline-poziom-kremowy-zielony-1024x396.png 1024w, https:\/\/sgsgoleniow.pl\/wp-content\/uploads\/2025\/08\/Mintinvest-logo-tagline-poziom-kremowy-zielony-300x116.png 300w, https:\/\/sgsgoleniow.pl\/wp-content\/uploads\/2025\/08\/Mintinvest-logo-tagline-poziom-kremowy-zielony-768x297.png 768w\" sizes=\"(max-width: 1024px) 100vw, 1024px\" \/><\/figure>\n<\/div>\n\n\n<p class=\"has-text-align-center\">Mintinvest<\/p>\n<\/div>\n\n\n\n<div class=\"wp-block-column is-vertically-aligned-center is-layout-flow wp-block-column-is-layout-flow\"><div class=\"wp-block-image\">\n<figure class=\"aligncenter size-full is-resized\"><img loading=\"lazy\" decoding=\"async\" width=\"280\" height=\"84\" src=\"http:\/\/sgsgoleniow.pl\/wp-content\/uploads\/2024\/10\/mir.png\" alt=\"\" class=\"wp-image-160\" style=\"width:300px;height:auto\"\/><\/figure>\n<\/div>\n\n\n<p class=\"has-text-align-center\">Przedsi\u0119biorstwo Budowlane MiR Sp. z o.o. sp.k.<\/p>\n<\/div>\n\n\n\n<div class=\"wp-block-column is-vertically-aligned-center is-layout-flow wp-block-column-is-layout-flow\">\n<figure class=\"wp-block-image size-large\"><img loading=\"lazy\" decoding=\"async\" width=\"1024\" height=\"131\" src=\"http:\/\/sgsgoleniow.pl\/wp-content\/uploads\/2025\/08\/TOLA_Logo_V1_WH-1024x131.png\" alt=\"\" class=\"wp-image-273\" srcset=\"https:\/\/sgsgoleniow.pl\/wp-content\/uploads\/2025\/08\/TOLA_Logo_V1_WH-1024x131.png 1024w, https:\/\/sgsgoleniow.pl\/wp-content\/uploads\/2025\/08\/TOLA_Logo_V1_WH-300x38.png 300w, https:\/\/sgsgoleniow.pl\/wp-content\/uploads\/2025\/08\/TOLA_Logo_V1_WH-768x98.png 768w\" sizes=\"(max-width: 1024px) 100vw, 1024px\" \/><\/figure>\n\n\n\n<p class=\"has-text-align-center\">Tola Reklama<\/p>\n<\/div>\n<\/div>\n\n\n\n<div class=\"wp-block-columns is-layout-flex wp-container-core-columns-is-layout-9d6595d7 wp-block-columns-is-layout-flex\">\n<div class=\"wp-block-column is-layout-flow wp-block-column-is-layout-flow\">\n<p class=\"has-text-align-center\"><\/p>\n<\/div>\n<\/div>\n","protected":false},"excerpt":{"rendered":"<p>Gmina Goleni\u00f3w O\u015brodek Sportu i Rekreacji w Goleniowie Urz\u0105d Marsza\u0142kowski w Szczecinie Zachodniopomorski Zwi\u0105zek Pi\u0142ki Siatkowej Bobas Bar Sklep Sportowy Sportplus Mintinvest Przedsi\u0119biorstwo Budowlane MiR Sp. z o.o. sp.k. Tola Reklama<\/p>\n","protected":false},"author":1,"featured_media":0,"parent":0,"menu_order":0,"comment_status":"closed","ping_status":"closed","template":"","meta":{"footnotes":""},"class_list":["post-16","page","type-page","status-publish","hentry"],"_links":{"self":[{"href":"https:\/\/sgsgoleniow.pl\/index.php?rest_route=\/wp\/v2\/pages\/16","targetHints":{"allow":["GET"]}}],"collection":[{"href":"https:\/\/sgsgoleniow.pl\/index.php?rest_route=\/wp\/v2\/pages"}],"about":[{"href":"https:\/\/sgsgoleniow.pl\/index.php?rest_route=\/wp\/v2\/types\/page"}],"author":[{"embeddable":true,"href":"https:\/\/sgsgoleniow.pl\/index.php?rest_route=\/wp\/v2\/users\/1"}],"replies":[{"embeddable":true,"href":"https:\/\/sgsgoleniow.pl\/index.php?rest_route=%2Fwp%2Fv2%2Fcomments&post=16"}],"version-history":[{"count":24,"href":"https:\/\/sgsgoleniow.pl\/index.php?rest_route=\/wp\/v2\/pages\/16\/revisions"}],"predecessor-version":[{"id":276,"href":"https:\/\/sgsgoleniow.pl\/index.php?rest_route=\/wp\/v2\/pages\/16\/revisions\/276"}],"wp:attachment":[{"href":"https:\/\/sgsgoleniow.pl\/index.php?rest_route=%2Fwp%2Fv2%2Fmedia&parent=16"}],"curies":[{"name":"wp","href":"https:\/\/api.w.org\/{rel}","templated":true}]}}